{"id":882,"date":"2022-11-12T17:47:41","date_gmt":"2022-11-12T15:47:41","guid":{"rendered":"https:\/\/tip-70.fi\/tipfi\/?page_id=882"},"modified":"2025-09-05T09:14:08","modified_gmt":"2025-09-05T06:14:08","slug":"tip-70-sm-sarjassa","status":"publish","type":"page","link":"https:\/\/tip-70.fi\/tipfi\/tip-70-sm-sarjassa\/","title":{"rendered":"TIP-70 SM-sarjassa"},"content":{"rendered":"<p>Ykk\u00f6sjoukkueemme pelaa kaudella 2025\/2026 mestaruussarjaa<a href=\"https:\/\/www.sptl.fi\/sptl_uudet\/?p=36346\"><\/a>. Otteluohjelma ja tulokset l\u00f6ytyv\u00e4t <a href=\"https:\/\/www.sptl.fi\/sptl_uudet\/?page_id=20\">t\u00e4\u00e4lt\u00e4<\/a>.<\/p>\n<p>TIP-70:<\/p>\n<p><strong>Samuli Soine<\/strong><br \/>\nAleksi Mustonen<br \/>\nLauri Laane<br \/>\nSami Hattunen<\/p>\n<p>&nbsp;<\/p>\n<p>&nbsp;<\/p>\n","protected":false},"excerpt":{"rendered":"<p>Ykk\u00f6sjoukkueemme pelaa kaudella 2025\/2026 mestaruussarjaa. Otteluohjelma ja tulokset l\u00f6ytyv\u00e4t t\u00e4\u00e4lt\u00e4. TIP-70: Samuli Soine Aleksi Mustonen Lauri Laane Sami Hattunen &nbsp; &nbsp;<\/p>\n","protected":false},"author":3,"featured_media":1379,"parent":0,"menu_order":0,"comment_status":"closed","ping_status":"closed","template":"","meta":{"footnotes":""},"class_list":["post-882","page","type-page","status-publish","has-post-thumbnail","hentry"],"_links":{"self":[{"href":"https:\/\/tip-70.fi\/tipfi\/wp-json\/wp\/v2\/pages\/882","targetHints":{"allow":["GET"]}}],"collection":[{"href":"https:\/\/tip-70.fi\/tipfi\/wp-json\/wp\/v2\/pages"}],"about":[{"href":"https:\/\/tip-70.fi\/tipfi\/wp-json\/wp\/v2\/types\/page"}],"author":[{"embeddable":true,"href":"https:\/\/tip-70.fi\/tipfi\/wp-json\/wp\/v2\/users\/3"}],"replies":[{"embeddable":true,"href":"https:\/\/tip-70.fi\/tipfi\/wp-json\/wp\/v2\/comments?post=882"}],"version-history":[{"count":11,"href":"https:\/\/tip-70.fi\/tipfi\/wp-json\/wp\/v2\/pages\/882\/revisions"}],"predecessor-version":[{"id":1512,"href":"https:\/\/tip-70.fi\/tipfi\/wp-json\/wp\/v2\/pages\/882\/revisions\/1512"}],"wp:featuredmedia":[{"embeddable":true,"href":"https:\/\/tip-70.fi\/tipfi\/wp-json\/wp\/v2\/media\/1379"}],"wp:attachment":[{"href":"https:\/\/tip-70.fi\/tipfi\/wp-json\/wp\/v2\/media?parent=882"}],"curies":[{"name":"wp","href":"https:\/\/api.w.org\/{rel}","templated":true}]}}