{"id":825,"date":"2022-08-31T19:59:14","date_gmt":"2022-08-31T16:59:14","guid":{"rendered":"https:\/\/tip-70.fi\/tipfi\/?page_id=825"},"modified":"2025-09-29T14:06:42","modified_gmt":"2025-09-29T11:06:42","slug":"harjoitusvuorot","status":"publish","type":"page","link":"https:\/\/tip-70.fi\/tipfi\/harjoitusvuorot\/","title":{"rendered":"Harjoitusvuorot 2025-2026"},"content":{"rendered":"<p>Pelaamme kahdella alueella Hakunilan v\u00e4est\u00f6nsuojassa (Harmotie 1, Vantaa):<\/p>\n<p>Etusali (betonialusta)<br \/>\nTakasali (salibandymatto)<\/p>\n<p>Harjoitusvuorojen yhteenveto:<\/p>\n<p><strong><a href=\"https:\/\/tip-70.fi\/tipfi\/nuorille\/\">Lajikoulu<\/a><\/strong><\/p>\n<p>Sporttia kaikille: Lajikoulu lapsille ja nuorille Ma ja Pe 16.30-18.00 (Takasali)<\/p>\n<p><strong>Aikuisten kuntoliikunta<\/strong><\/p>\n<p>Sporttia kaikille ry: Ohjattua p\u00f6yt\u00e4tennist\u00e4 aikuisharrastajille keskiviikkoisin 18.00-20.00 (Takasali).<\/p>\n<p><strong>Nuorten harjoitusryhm\u00e4<\/strong><\/p>\n<p>Treeniryhm\u00e4 kilpapelaajille tiistaisin klo 17-19 (Takasali)<\/p>\n<p><strong><a href=\"https:\/\/tip-70.fi\/tipfi\/aikuisille\/\">Sekavuoro (<\/a><\/strong>Vapaata pelaamista seuran j\u00e4senille)<\/p>\n<p>Etusali:<br \/>\nMa 18.00-20.30<br \/>\nTi 19.00-21.00<br \/>\nKe 18.00-20.30<br \/>\nTo 17.00-20.30<br \/>\nPe 18.00-20.30<br \/>\nLa 16.00-18.00<br \/>\nSu 16.00-18.00<\/p>\n<p>Takasali:<br \/>\nTi 17.00-19.00<br \/>\nTo 17.00-20.30<\/p>\n<p><strong>Veteraanivuoro<\/strong><\/p>\n<p>Etusali:<br \/>\nMa 16.00-18.00<br \/>\nKe 16.00-18.00<br \/>\nPe 16.00-18.00<\/p>\n<p>&nbsp;<\/p>\n","protected":false},"excerpt":{"rendered":"<p>Pelaamme kahdella alueella Hakunilan v\u00e4est\u00f6nsuojassa (Harmotie 1, Vantaa): Etusali (betonialusta) Takasali (salibandymatto) Harjoitusvuorojen yhteenveto: Lajikoulu Sporttia kaikille: Lajikoulu lapsille ja nuorille Ma ja Pe 16.30-18.00 (Takasali) Aikuisten kuntoliikunta Sporttia kaikille ry: Ohjattua p\u00f6yt\u00e4tennist\u00e4 aikuisharrastajille keskiviikkoisin 18.00-20.00 (Takasali). Nuorten harjoitusryhm\u00e4 Treeniryhm\u00e4 kilpapelaajille tiistaisin klo 17-19 (Takasali) Sekavuoro (Vapaata pelaamista seuran j\u00e4senille) [&hellip;]<\/p>\n","protected":false},"author":3,"featured_media":1099,"parent":0,"menu_order":0,"comment_status":"closed","ping_status":"closed","template":"","meta":{"footnotes":""},"class_list":["post-825","page","type-page","status-publish","has-post-thumbnail","hentry"],"_links":{"self":[{"href":"https:\/\/tip-70.fi\/tipfi\/wp-json\/wp\/v2\/pages\/825","targetHints":{"allow":["GET"]}}],"collection":[{"href":"https:\/\/tip-70.fi\/tipfi\/wp-json\/wp\/v2\/pages"}],"about":[{"href":"https:\/\/tip-70.fi\/tipfi\/wp-json\/wp\/v2\/types\/page"}],"author":[{"embeddable":true,"href":"https:\/\/tip-70.fi\/tipfi\/wp-json\/wp\/v2\/users\/3"}],"replies":[{"embeddable":true,"href":"https:\/\/tip-70.fi\/tipfi\/wp-json\/wp\/v2\/comments?post=825"}],"version-history":[{"count":14,"href":"https:\/\/tip-70.fi\/tipfi\/wp-json\/wp\/v2\/pages\/825\/revisions"}],"predecessor-version":[{"id":1524,"href":"https:\/\/tip-70.fi\/tipfi\/wp-json\/wp\/v2\/pages\/825\/revisions\/1524"}],"wp:featuredmedia":[{"embeddable":true,"href":"https:\/\/tip-70.fi\/tipfi\/wp-json\/wp\/v2\/media\/1099"}],"wp:attachment":[{"href":"https:\/\/tip-70.fi\/tipfi\/wp-json\/wp\/v2\/media?parent=825"}],"curies":[{"name":"wp","href":"https:\/\/api.w.org\/{rel}","templated":true}]}}