{"id":69,"date":"2018-08-30T19:20:55","date_gmt":"2018-08-30T16:20:55","guid":{"rendered":"http:\/\/tip70.fi\/tipfi\/?page_id=69"},"modified":"2026-01-15T09:35:02","modified_gmt":"2026-01-15T07:35:02","slug":"maksut","status":"publish","type":"page","link":"https:\/\/tip-70.fi\/tipfi\/maksut\/","title":{"rendered":"Maksut"},"content":{"rendered":"<h2>Seuran perim\u00e4t maksut 2025-26<\/h2>\n<p>J\u00e4senmaksu\/kannatusj\u00e4senmaksu: 30 \u20ac<br \/>\nSalimaksu j\u00e4senille 200 e \/ syksy<br \/>\nSalimaksu j\u00e4senille 200 e \/ kev\u00e4t<\/p>\n<p>Seuran ulkopuolisilta perimme salimaksun 200e\/syyskausi ja 200e\/kev\u00e4tkausi.<\/p>\n<h2>Sporttia kaikille<\/h2>\n<p>Sporttia kaikille -passin hinta lapsille ja nuorille on syksyn ja kev\u00e4\u00e4n osalta 40 euroa, kuntopingikseen osallistuvilta aikuisilta vastaavasti 45e per syksy ja kev\u00e4t. Sporttia kaikille -toimintaan osallistujan ei tarvitse hankkia seuran j\u00e4senyytt\u00e4 eik\u00e4 maksaa salimaksua. Lasten ja nuorten harrasteryhmiin ja kuntopingikseen ilmoittaudutaan osoitteessa <a href=\"http:\/\/sporttiakaikille.fi\" data-saferedirecturl=\"https:\/\/www.google.com\/url?q=http:\/\/sporttiakaikille.fi&amp;source=gmail&amp;ust=1629375883620000&amp;usg=AFQjCNFwV6oqYtAZxcDVL5tiGIm0jkompg\" target=\"_blank\" rel=\"noopener\">sporttiakaikille.fi.<\/a><\/p>\n<h2>Liiton perim\u00e4t lisenssit<\/h2>\n<p>Lisenssitiedot kilpailu- ja sarjatoimintaan Suomen p\u00f6yt\u00e4tennisliiton sivuilta: <a href=\"https:\/\/www.sptl.fi\/sptl_uudet\/?page_id=1005\">Lisenssihinnat<\/a><\/p>\n","protected":false},"excerpt":{"rendered":"<p>Seuran perim\u00e4t maksut 2025-26 J\u00e4senmaksu\/kannatusj\u00e4senmaksu: 30 \u20ac Salimaksu j\u00e4senille 200 e \/ syksy Salimaksu j\u00e4senille 200 e \/ kev\u00e4t Seuran ulkopuolisilta perimme salimaksun 200e\/syyskausi ja 200e\/kev\u00e4tkausi. Sporttia kaikille Sporttia kaikille -passin hinta lapsille ja nuorille on syksyn ja kev\u00e4\u00e4n osalta 40 euroa, kuntopingikseen osallistuvilta aikuisilta vastaavasti 45e per syksy ja [&hellip;]<\/p>\n","protected":false},"author":1,"featured_media":496,"parent":0,"menu_order":0,"comment_status":"closed","ping_status":"closed","template":"","meta":{"footnotes":""},"class_list":["post-69","page","type-page","status-publish","has-post-thumbnail","hentry"],"_links":{"self":[{"href":"https:\/\/tip-70.fi\/tipfi\/wp-json\/wp\/v2\/pages\/69","targetHints":{"allow":["GET"]}}],"collection":[{"href":"https:\/\/tip-70.fi\/tipfi\/wp-json\/wp\/v2\/pages"}],"about":[{"href":"https:\/\/tip-70.fi\/tipfi\/wp-json\/wp\/v2\/types\/page"}],"author":[{"embeddable":true,"href":"https:\/\/tip-70.fi\/tipfi\/wp-json\/wp\/v2\/users\/1"}],"replies":[{"embeddable":true,"href":"https:\/\/tip-70.fi\/tipfi\/wp-json\/wp\/v2\/comments?post=69"}],"version-history":[{"count":18,"href":"https:\/\/tip-70.fi\/tipfi\/wp-json\/wp\/v2\/pages\/69\/revisions"}],"predecessor-version":[{"id":1530,"href":"https:\/\/tip-70.fi\/tipfi\/wp-json\/wp\/v2\/pages\/69\/revisions\/1530"}],"wp:featuredmedia":[{"embeddable":true,"href":"https:\/\/tip-70.fi\/tipfi\/wp-json\/wp\/v2\/media\/496"}],"wp:attachment":[{"href":"https:\/\/tip-70.fi\/tipfi\/wp-json\/wp\/v2\/media?parent=69"}],"curies":[{"name":"wp","href":"https:\/\/api.w.org\/{rel}","templated":true}]}}