{"id":574,"date":"2020-03-13T13:17:39","date_gmt":"2020-03-13T11:17:39","guid":{"rendered":"http:\/\/tip-70.fi\/tipfi\/?page_id=574"},"modified":"2023-04-19T18:30:13","modified_gmt":"2023-04-19T15:30:13","slug":"tiedotus","status":"publish","type":"page","link":"https:\/\/tip-70.fi\/tipfi\/","title":{"rendered":"About \/ some"},"content":{"rendered":"<h4 style=\"text-align: center;\">Seuraa meit\u00e4 meit\u00e4 my\u00f6s instagramissa ja facebookissa!<br \/>\n<a href=\"http:\/\/instagram.com\/tip70pingis\/\" target=\"_blank\" rel=\"noopener\"><img loading=\"lazy\" decoding=\"async\" src=\"http:\/\/tip-70.fi\/tipfi\/wp-content\/uploads\/2023\/04\/igkuva-300x300.png\" alt=\"\" width=\"50\" height=\"50\" class=\"alignnone wp-image-963\" srcset=\"https:\/\/tip-70.fi\/tipfi\/wp-content\/uploads\/2023\/04\/igkuva-300x300.png 300w, https:\/\/tip-70.fi\/tipfi\/wp-content\/uploads\/2023\/04\/igkuva-150x150.png 150w, https:\/\/tip-70.fi\/tipfi\/wp-content\/uploads\/2023\/04\/igkuva.png 512w\" sizes=\"auto, (max-width: 50px) 100vw, 50px\" \/><\/a> \u00a0<a href=\"https:\/\/www.facebook.com\/profile.php?id=100085054011903\" target=\"_blank\" rel=\"noopener\"><img loading=\"lazy\" decoding=\"async\" src=\"http:\/\/tip-70.fi\/tipfi\/wp-content\/uploads\/2023\/04\/facebookkuva.jpg\" alt=\"\" width=\"50\" height=\"50\" class=\"alignnone wp-image-962\" srcset=\"https:\/\/tip-70.fi\/tipfi\/wp-content\/uploads\/2023\/04\/facebookkuva.jpg 225w, https:\/\/tip-70.fi\/tipfi\/wp-content\/uploads\/2023\/04\/facebookkuva-150x150.jpg 150w\" sizes=\"auto, (max-width: 50px) 100vw, 50px\" \/><\/a><\/h4>\n","protected":false},"excerpt":{"rendered":"<p>Seuraa meit\u00e4 meit\u00e4 my\u00f6s instagramissa ja facebookissa! \u00a0<\/p>\n","protected":false},"author":1,"featured_media":0,"parent":0,"menu_order":0,"comment_status":"closed","ping_status":"closed","template":"","meta":{"footnotes":""},"class_list":["post-574","page","type-page","status-publish","hentry"],"_links":{"self":[{"href":"https:\/\/tip-70.fi\/tipfi\/wp-json\/wp\/v2\/pages\/574","targetHints":{"allow":["GET"]}}],"collection":[{"href":"https:\/\/tip-70.fi\/tipfi\/wp-json\/wp\/v2\/pages"}],"about":[{"href":"https:\/\/tip-70.fi\/tipfi\/wp-json\/wp\/v2\/types\/page"}],"author":[{"embeddable":true,"href":"https:\/\/tip-70.fi\/tipfi\/wp-json\/wp\/v2\/users\/1"}],"replies":[{"embeddable":true,"href":"https:\/\/tip-70.fi\/tipfi\/wp-json\/wp\/v2\/comments?post=574"}],"version-history":[{"count":28,"href":"https:\/\/tip-70.fi\/tipfi\/wp-json\/wp\/v2\/pages\/574\/revisions"}],"predecessor-version":[{"id":976,"href":"https:\/\/tip-70.fi\/tipfi\/wp-json\/wp\/v2\/pages\/574\/revisions\/976"}],"wp:attachment":[{"href":"https:\/\/tip-70.fi\/tipfi\/wp-json\/wp\/v2\/media?parent=574"}],"curies":[{"name":"wp","href":"https:\/\/api.w.org\/{rel}","templated":true}]}}