{"id":561,"date":"2020-03-05T18:36:39","date_gmt":"2020-03-05T16:36:39","guid":{"rendered":"http:\/\/tip-70.fi\/tipfi\/?page_id=561"},"modified":"2024-10-01T13:07:45","modified_gmt":"2024-10-01T10:07:45","slug":"toimintakasikirja","status":"publish","type":"page","link":"https:\/\/tip-70.fi\/tipfi\/toimintakasikirja\/","title":{"rendered":"Toimintak\u00e4sikirja"},"content":{"rendered":"<h3><b>TIP-70 ry Toimintak\u00e4sikirja<\/b><\/h3>\n<h4><b>1. Johdanto<\/b><\/h4>\n<p><span>TIP-70 ry on p\u00f6yt\u00e4tenniksen erikoisseura, joka on aloittanut toimintansa vuonna 1970. TIP-70 ry:ss\u00e4 on harjoitusvuoroja sek\u00e4 kouluik\u00e4isille ett\u00e4 aikuisille.<\/span><\/p>\n<p><span>TIP-70:n tavoitteena on tarjota liikunnaniloa kaikille halukkaille lapsille, nuorille ja aikuisille. Seurassamme harjoitellaan hyv\u00e4ll\u00e4 mielell\u00e4, ja jokainen voi asettaa itselleen tavoitteita. Useat j\u00e4senet on my\u00f6s mukana kilpailutoiminnassa. Kilpaileminen tapahtuu j\u00e4senten omilla ehdoilla ja omien kiinnostusten mukaan.<\/span><\/p>\n<p><span>Seuraavien lukujen tarkoituksena on kuvata TIP-70 ry:n toimitapoja sek\u00e4 toimintalinjaa.\u00a0\u00a0\u00a0<\/span><\/p>\n<h4><b>2. Visio<\/b><\/h4>\n<p>Kts. <a href=\"http:\/\/tip-70.fi\/tipfi\/seuran-arvot-ja-visio\/\">Arvot ja visio<\/a><\/p>\n<h4><b>\u00a03. Eettiset linjaukset<\/b><\/h4>\n<p><span>Eettisill\u00e4 linjauksilla kuvataan moraalisia periaatteita, joihin TIP-70 ry:n toiminta perustuu. Eettiset linjaukset osoittavat, mit\u00e4 asioita seurassamme kunnioitetaan ja mink\u00e4 mukaan toimitaan.<\/span><\/p>\n<p><span>TIP-70 ry:ss\u00e4 arvostetaan seuraavia asioita:<\/span><\/p>\n<ul>\n<li><span>Kaikilla seuran j\u00e4senill\u00e4 on mahdollisuus harrastaa p\u00f6yt\u00e4tennist\u00e4 omalla tasollaan.<\/span><\/li>\n<\/ul>\n<p><span>Seurassamme j\u00e4senet otetaan huomioon yksil\u00f6in\u00e4 ja siirtyminen omaa tasoa vastaavaan ryhm\u00e4\u00e4n pyrit\u00e4\u00e4n tekem\u00e4\u00e4n mahdollisimman helpoksi. Kaikkia j\u00e4seni\u00e4 kannustetaan liikkumaan.<\/span><\/p>\n<ul>\n<li><span>J\u00e4senten hyvinvointia pyrit\u00e4\u00e4n tukemaan muutenkin kuin p\u00f6yt\u00e4tenniksen l\u00e4ht\u00f6kohdista.<\/span><\/li>\n<\/ul>\n<p><span>J\u00e4senten kehityst\u00e4 tuetaan my\u00f6s sosiaalisella ja henkisell\u00e4 tasolla ja j\u00e4seni\u00e4 kannustetaan terveellisiin ja p\u00e4ihteett\u00f6miin el\u00e4m\u00e4ntapoihin.<\/span><\/p>\n<ul>\n<li><span>Kaikilla j\u00e4senill\u00e4 on mahdollisuus osallistua kilpailutoimintaan oman mielenkiinnon mukaisesti.<\/span><\/li>\n<\/ul>\n<p><span>J\u00e4senten harjoittelussa t\u00e4rkeint\u00e4 ei ole kilpaileminen, vaan monipuolinen ja innostava liikkuminen hyv\u00e4ss\u00e4 seurassa.<\/span><\/p>\n<ul>\n<li><span>Toimintamme noudattaa yhdess\u00e4 luotuja pelis\u00e4\u00e4nt\u00f6j\u00e4.<\/span><\/li>\n<li><span>My\u00f6s kaikille valmentajille ja ohjaajille luodaan yht\u00e4l\u00e4iset mahdollisuudet kehitt\u00e4\u00e4 itse\u00e4\u00e4n ja osallistua koulutuksiin.<\/span><\/li>\n<li><span>Kaikkien mielipiteet otetaan huomioon tasa-arvoisesti ja kaikki halukkaat ovat tervetulleita mukaan seuramme toimintaan.<\/span><\/li>\n<\/ul>\n<h4><b>4. Tavoitteet<\/b><\/h4>\n<p><span>Urheiluseuran yhteiset tavoitteet luovat perustan yhteiselle toimimiselle ja yhdess\u00e4 onnistumiselle. TIP-70 ry:n tavoitteena on luoda j\u00e4senille turvallinen, avoin ymp\u00e4rist\u00f6, jossa jokaisella j\u00e4senell\u00e4 on mahdollisuus kokea onnistumisia liikunnan parissa.<\/span><\/p>\n<p><span>Jokaisella j\u00e4senell\u00e4 on oikeus saada kannustusta, ja tavoitteenamme onkin kannustaa kaikkia voittamaan itsens\u00e4 ja saamaan mahdollisimman positiivisia kokemuksia urheilun parissa. Tavoitteenamme on kasvattaa vastuullisia nuoria ja aikuisia, jotka ovat avoimia ottamaan vastaan uusia virikkeit\u00e4 ja omalta osaltaan my\u00f6s kannustamaan muita. Seurassa arvostetaan hyvi\u00e4 k\u00e4yt\u00f6stapoja ja niihin pyrit\u00e4\u00e4n ohjaamaan.<\/span><\/p>\n<p><span>Tavoitteenamme on luoda j\u00e4senille liikunnasta koko el\u00e4m\u00e4n kest\u00e4v\u00e4 tapa. Rohkaisemme my\u00f6s j\u00e4seni\u00e4 terveellisiin el\u00e4m\u00e4ntapoihin. Urheilullisissa tavoitteissa etusijalla on itsens\u00e4 voittaminen ja omien tavoitteiden luominen.<\/span><\/p>\n<h4><b>5. TIP-70 ry:n k\u00e4yt\u00e4nn\u00f6n toimintaperiaatteita<\/b><\/h4>\n<p><span>Lapset ja nuoret p\u00e4\u00e4sev\u00e4t p\u00f6yt\u00e4tennikseen mukaan pingiskoulun ja koulujen kerhotoiminnan kautta. Aikuiset ovat tervetulleita mukaan harjoituksiin. Tavoitteena on, ett\u00e4 jokainen pystyisi harjoittelemaan omalle tasolleen sopivassa ryhm\u00e4ss\u00e4. Lasten kasvaessa on mahdollista siirty\u00e4 isompien ryhmiin ja lopulta aikuisten ryhmiin.<\/span><\/p>\n<p><span>P\u00f6yt\u00e4tenniksen luonteeseen kuuluu, ett\u00e4 eri-ik\u00e4iset voivat pelata samalla tasolla. T\u00e4m\u00e4 luo yhteis\u00f6llisyytt\u00e4 ja kehitt\u00e4\u00e4 monipuolisesti sosiaalisia taitoja.<\/span><\/p>\n<h4><b>6. Organisaatio ja vastuuhenkil\u00f6iden roolit<\/b><\/h4>\n<p><span>TIP-70 ry:n johtokunta vastaa seuran toiminnasta ja taloudesta.\u00a0 Johtokunnassa toimii puheenjohtajan lis\u00e4ksi varapuheenjohtaja, sihteeri sek\u00e4 muut hallituksen j\u00e4senet. Rahastonhoitaja on valittu johtokunnan ulkopuolelta. Hallitus kokoontuu kaikille avointen s\u00e4\u00e4nt\u00f6m\u00e4\u00e4r\u00e4isten kokousten lis\u00e4ksi aina tarpeen vaatiessa.\u00a0<\/span><\/p>\n<p><span>Hallituksen lis\u00e4ksi seuran toiminnassa on mukana my\u00f6s muita aktiivisia toimijoita. Seurassa toimii muun muassa valmentajia. Seurassamme on my\u00f6s ahkeria talkooty\u00f6ntekij\u00f6it\u00e4.<\/span><\/p>\n<h4><b>7. Toimintamuodot<\/b><\/h4>\n<p><span>TIP-70 tarjoaa kaikille halukkaille mahdollisuuden p\u00e4\u00e4st\u00e4 mukaan p\u00f6yt\u00e4tenniksen maailmaan.<br \/>\n<\/span><\/p>\n<h5><strong>Lapset ja nuoret<\/strong><\/h5>\n<p><span>Lapsille ja nuorille tarjotaan harjoitusvuoroja maanantaisin ja perjantaisin.<\/span><\/p>\n<h5><strong>Aikuiset<\/strong><\/h5>\n<p><span>Aikuisille tarjotaan harjoitusvuoroja p\u00e4ivitt\u00e4in ymp\u00e4ri vuoden.<\/span><\/p>\n<h4><strong>8. Hinnat<\/strong><\/h4>\n<p>Kts. <a href=\"http:\/\/tip-70.fi\/tipfi\/maksut\/\">Maksut<\/a><\/p>\n<p>&nbsp;<\/p>\n","protected":false},"excerpt":{"rendered":"<p>TIP-70 ry Toimintak\u00e4sikirja 1. Johdanto TIP-70 ry on p\u00f6yt\u00e4tenniksen erikoisseura, joka on aloittanut toimintansa vuonna 1970. TIP-70 ry:ss\u00e4 on harjoitusvuoroja sek\u00e4 kouluik\u00e4isille ett\u00e4 aikuisille. TIP-70:n tavoitteena on tarjota liikunnaniloa kaikille halukkaille lapsille, nuorille ja aikuisille. Seurassamme harjoitellaan hyv\u00e4ll\u00e4 mielell\u00e4, ja jokainen voi asettaa itselleen tavoitteita. Useat j\u00e4senet on my\u00f6s mukana [&hellip;]<\/p>\n","protected":false},"author":1,"featured_media":1100,"parent":0,"menu_order":0,"comment_status":"closed","ping_status":"closed","template":"","meta":{"footnotes":""},"class_list":["post-561","page","type-page","status-publish","has-post-thumbnail","hentry"],"_links":{"self":[{"href":"https:\/\/tip-70.fi\/tipfi\/wp-json\/wp\/v2\/pages\/561","targetHints":{"allow":["GET"]}}],"collection":[{"href":"https:\/\/tip-70.fi\/tipfi\/wp-json\/wp\/v2\/pages"}],"about":[{"href":"https:\/\/tip-70.fi\/tipfi\/wp-json\/wp\/v2\/types\/page"}],"author":[{"embeddable":true,"href":"https:\/\/tip-70.fi\/tipfi\/wp-json\/wp\/v2\/users\/1"}],"replies":[{"embeddable":true,"href":"https:\/\/tip-70.fi\/tipfi\/wp-json\/wp\/v2\/comments?post=561"}],"version-history":[{"count":9,"href":"https:\/\/tip-70.fi\/tipfi\/wp-json\/wp\/v2\/pages\/561\/revisions"}],"predecessor-version":[{"id":1402,"href":"https:\/\/tip-70.fi\/tipfi\/wp-json\/wp\/v2\/pages\/561\/revisions\/1402"}],"wp:featuredmedia":[{"embeddable":true,"href":"https:\/\/tip-70.fi\/tipfi\/wp-json\/wp\/v2\/media\/1100"}],"wp:attachment":[{"href":"https:\/\/tip-70.fi\/tipfi\/wp-json\/wp\/v2\/media?parent=561"}],"curies":[{"name":"wp","href":"https:\/\/api.w.org\/{rel}","templated":true}]}}