{"id":517,"date":"2020-03-05T16:23:51","date_gmt":"2020-03-05T14:23:51","guid":{"rendered":"http:\/\/tip-70.fi\/tipfi\/?page_id=517"},"modified":"2023-09-26T11:21:36","modified_gmt":"2023-09-26T08:21:36","slug":"valineyhteistyosopimus","status":"publish","type":"page","link":"https:\/\/tip-70.fi\/tipfi\/valineyhteistyosopimus\/","title":{"rendered":"V\u00e4lineyhteisty\u00f6sopimus"},"content":{"rendered":"<h3>Tarjouksia j\u00e4senille<\/h3>\n<p>Seurallamme on v\u00e4lineyhteisty\u00f6sopimus <a href=\"https:\/\/www.pingiskeskus.fi\/\">Pingiskeskuksen<\/a> kanssa. Pingiskeskus on Helsingiss\u00e4 sijaitseva p\u00f6yt\u00e4tennisv\u00e4line kauppa, joka tarjoaa laadukkaat v\u00e4lineet sek\u00e4 asiantuntevaa palvelua. Seuramme j\u00e4senen\u00e4 saat rungoista ja kumeista 10% alennuksen.<\/p>\n<p>Jos tilaat mailatuotteita Pingiskeskuksen verkkokaupasta, kirjoita tilauslomakkeessa olevaan &#8221;lis\u00e4tietoja&#8221;-kentt\u00e4\u00e4n kuuluvasi TIP-70 seuraan, niin saat alennuksen.<\/p>\n","protected":false},"excerpt":{"rendered":"<p>Tarjouksia j\u00e4senille Seurallamme on v\u00e4lineyhteisty\u00f6sopimus Pingiskeskuksen kanssa. Pingiskeskus on Helsingiss\u00e4 sijaitseva p\u00f6yt\u00e4tennisv\u00e4line kauppa, joka tarjoaa laadukkaat v\u00e4lineet sek\u00e4 asiantuntevaa palvelua. Seuramme j\u00e4senen\u00e4 saat rungoista ja kumeista 10% alennuksen. Jos tilaat mailatuotteita Pingiskeskuksen verkkokaupasta, kirjoita tilauslomakkeessa olevaan &#8221;lis\u00e4tietoja&#8221;-kentt\u00e4\u00e4n kuuluvasi TIP-70 seuraan, niin saat alennuksen.<\/p>\n","protected":false},"author":1,"featured_media":416,"parent":0,"menu_order":0,"comment_status":"closed","ping_status":"closed","template":"","meta":{"footnotes":""},"class_list":["post-517","page","type-page","status-publish","has-post-thumbnail","hentry"],"_links":{"self":[{"href":"https:\/\/tip-70.fi\/tipfi\/wp-json\/wp\/v2\/pages\/517","targetHints":{"allow":["GET"]}}],"collection":[{"href":"https:\/\/tip-70.fi\/tipfi\/wp-json\/wp\/v2\/pages"}],"about":[{"href":"https:\/\/tip-70.fi\/tipfi\/wp-json\/wp\/v2\/types\/page"}],"author":[{"embeddable":true,"href":"https:\/\/tip-70.fi\/tipfi\/wp-json\/wp\/v2\/users\/1"}],"replies":[{"embeddable":true,"href":"https:\/\/tip-70.fi\/tipfi\/wp-json\/wp\/v2\/comments?post=517"}],"version-history":[{"count":2,"href":"https:\/\/tip-70.fi\/tipfi\/wp-json\/wp\/v2\/pages\/517\/revisions"}],"predecessor-version":[{"id":1032,"href":"https:\/\/tip-70.fi\/tipfi\/wp-json\/wp\/v2\/pages\/517\/revisions\/1032"}],"wp:featuredmedia":[{"embeddable":true,"href":"https:\/\/tip-70.fi\/tipfi\/wp-json\/wp\/v2\/media\/416"}],"wp:attachment":[{"href":"https:\/\/tip-70.fi\/tipfi\/wp-json\/wp\/v2\/media?parent=517"}],"curies":[{"name":"wp","href":"https:\/\/api.w.org\/{rel}","templated":true}]}}