{"id":501,"date":"2020-03-05T16:07:42","date_gmt":"2020-03-05T14:07:42","guid":{"rendered":"http:\/\/tip-70.fi\/tipfi\/?page_id=501"},"modified":"2024-10-01T11:37:02","modified_gmt":"2024-10-01T08:37:02","slug":"aikuisille","status":"publish","type":"page","link":"https:\/\/tip-70.fi\/tipfi\/aikuisille\/","title":{"rendered":"Aikuisille"},"content":{"rendered":"<h3>Pingiksest\u00e4 kiinnostunut aikuinen: Tule tutustumaan lajiin seuramme sekavuorolle!<\/h3>\n<p>Seuramme j\u00e4rjest\u00e4\u00e4 sekavuoroja, jotka ovat suunnattu kaikille seuramme j\u00e4senille. N\u00e4ill\u00e4 vuoroilla j\u00e4senemme pelaavat ja harjoittelevat kesken\u00e4\u00e4n hyv\u00e4ss\u00e4 hengess\u00e4. Sekavuoroilla peliaika jaetaan tasaisesti kaikille halukkaille, jotta kaikki p\u00e4\u00e4sev\u00e4t pelaamaan. N\u00e4ill\u00e4 vuoroilla pelataan my\u00f6s seuramme sarjaotteluita. Pelikausi kest\u00e4\u00e4 syyskuusta toukokuuhun.<\/p>\n<p><a title=\"Jokiniemen koulu\" href=\"http:\/\/tip-70.fi\/tipfi\/yhteystiedot\/\"><\/a>Hakunilan v\u00e4est\u00f6nsuojassa on sekavuoroja p\u00e4ivitt\u00e4in ja ne ovat erinomainen valinta aikuispelaajalle, joka on kiinnostunut seuramme toiminnasta. Huom! Yksitt\u00e4isi\u00e4 vuoroja ei ole mahdollista varata.<\/p>\n<p><strong>Ota yhteytt\u00e4!<br \/>\n<\/strong>tip-70.pingis@gmail.com<\/p>\n<p><strong>Tervetuloa mukaan!<\/strong><\/p>\n","protected":false},"excerpt":{"rendered":"<p>Pingiksest\u00e4 kiinnostunut aikuinen: Tule tutustumaan lajiin seuramme sekavuorolle! Seuramme j\u00e4rjest\u00e4\u00e4 sekavuoroja, jotka ovat suunnattu kaikille seuramme j\u00e4senille. N\u00e4ill\u00e4 vuoroilla j\u00e4senemme pelaavat ja harjoittelevat kesken\u00e4\u00e4n hyv\u00e4ss\u00e4 hengess\u00e4. Sekavuoroilla peliaika jaetaan tasaisesti kaikille halukkaille, jotta kaikki p\u00e4\u00e4sev\u00e4t pelaamaan. N\u00e4ill\u00e4 vuoroilla pelataan my\u00f6s seuramme sarjaotteluita. Pelikausi kest\u00e4\u00e4 syyskuusta toukokuuhun. Hakunilan v\u00e4est\u00f6nsuojassa on sekavuoroja [&hellip;]<\/p>\n","protected":false},"author":1,"featured_media":1401,"parent":0,"menu_order":0,"comment_status":"closed","ping_status":"closed","template":"","meta":{"footnotes":""},"class_list":["post-501","page","type-page","status-publish","has-post-thumbnail","hentry"],"_links":{"self":[{"href":"https:\/\/tip-70.fi\/tipfi\/wp-json\/wp\/v2\/pages\/501","targetHints":{"allow":["GET"]}}],"collection":[{"href":"https:\/\/tip-70.fi\/tipfi\/wp-json\/wp\/v2\/pages"}],"about":[{"href":"https:\/\/tip-70.fi\/tipfi\/wp-json\/wp\/v2\/types\/page"}],"author":[{"embeddable":true,"href":"https:\/\/tip-70.fi\/tipfi\/wp-json\/wp\/v2\/users\/1"}],"replies":[{"embeddable":true,"href":"https:\/\/tip-70.fi\/tipfi\/wp-json\/wp\/v2\/comments?post=501"}],"version-history":[{"count":11,"href":"https:\/\/tip-70.fi\/tipfi\/wp-json\/wp\/v2\/pages\/501\/revisions"}],"predecessor-version":[{"id":1358,"href":"https:\/\/tip-70.fi\/tipfi\/wp-json\/wp\/v2\/pages\/501\/revisions\/1358"}],"wp:featuredmedia":[{"embeddable":true,"href":"https:\/\/tip-70.fi\/tipfi\/wp-json\/wp\/v2\/media\/1401"}],"wp:attachment":[{"href":"https:\/\/tip-70.fi\/tipfi\/wp-json\/wp\/v2\/media?parent=501"}],"curies":[{"name":"wp","href":"https:\/\/api.w.org\/{rel}","templated":true}]}}