{"id":499,"date":"2020-03-05T16:05:47","date_gmt":"2020-03-05T14:05:47","guid":{"rendered":"http:\/\/tip-70.fi\/tipfi\/?page_id=499"},"modified":"2024-10-01T11:34:15","modified_gmt":"2024-10-01T08:34:15","slug":"nuorille","status":"publish","type":"page","link":"https:\/\/tip-70.fi\/tipfi\/nuorille\/","title":{"rendered":"Nuorille"},"content":{"rendered":"<h3>Pingiksest\u00e4 kiinnostunut juniori: Suuntaa Lajikouluun!<\/h3>\n<p>Lajikoulumme on Sporttia Kaikille &#8211; toimintaa: Harjoitukset ovat matalakustanteisia ja jokaiselle nuorelle l\u00f6ytyy tilaa sek\u00e4 huomiota harjoituksistamme.<\/p>\n<h4><strong>Lasten lajikoulu<\/strong><\/h4>\n<p>Lasten lajikoulu Hakunilan v\u00e4est\u00f6nsuojassa maanantaisin\u00a0 ja perjantaisin klo 16.30-18.00 \/ 18.00-19.30. Ilmoittautumiset ensisijaisesti osoitteessa <a href=\"https:\/\/sporttiakaikille.fi\" data-saferedirecturl=\"https:\/\/www.google.com\/url?q=http:\/\/sporttiakaikille.fi&amp;source=gmail&amp;ust=1646926210289000&amp;usg=AOvVaw2yUvLH4lFKHcEhV9oVwFpI\" target=\"_blank\" rel=\"noopener\">sporttiakaikille.fi<\/a>.<\/p>\n<p>Lajikoulussa harjoitellaan p\u00f6yt\u00e4tennist\u00e4 monipuolisesti. Lajikoulu on erinomainen paikka tulla harjoittelemaan p\u00f6yt\u00e4tenniksen taitoja, vaikka aikaisempaa kokemusta lajista tai muista urheilulajeista ei olisi ollenkaan! Lajikoulussa opetellaan lajiin soveltuvia alkujumppaa, pallonhallintataitoja, ly\u00f6ntitekniikoita, sek\u00e4 tietenkin lajin s\u00e4\u00e4nt\u00f6j\u00e4 ja k\u00e4yt\u00e4nn\u00f6n pelaamista. Lajikoulussa oppii my\u00f6s salitalkoisiin osallistumista p\u00f6ytien sek\u00e4 verkkojen asentamisen muodossa. Opastamme my\u00f6s kilpailutoimintaan liittymist\u00e4 aiheesta kiinnostuneille.<\/p>\n<h4><strong>Lis\u00e4tietoa ja ilmoittautuminen<\/strong><\/h4>\n<p>Samuli Soine<br \/>\nsamuli.soine (at) kolumbus.fi<br \/>\n0400 736 214<\/p>\n<p><strong>Tervetuloa mukaan!<\/strong><\/p>\n","protected":false},"excerpt":{"rendered":"<p>Pingiksest\u00e4 kiinnostunut juniori: Suuntaa Lajikouluun! Lajikoulumme on Sporttia Kaikille &#8211; toimintaa: Harjoitukset ovat matalakustanteisia ja jokaiselle nuorelle l\u00f6ytyy tilaa sek\u00e4 huomiota harjoituksistamme. Lasten lajikoulu Lasten lajikoulu Hakunilan v\u00e4est\u00f6nsuojassa maanantaisin\u00a0 ja perjantaisin klo 16.30-18.00 \/ 18.00-19.30. Ilmoittautumiset ensisijaisesti osoitteessa sporttiakaikille.fi. Lajikoulussa harjoitellaan p\u00f6yt\u00e4tennist\u00e4 monipuolisesti. Lajikoulu on erinomainen paikka tulla harjoittelemaan p\u00f6yt\u00e4tenniksen [&hellip;]<\/p>\n","protected":false},"author":1,"featured_media":1400,"parent":0,"menu_order":0,"comment_status":"closed","ping_status":"closed","template":"","meta":{"footnotes":""},"class_list":["post-499","page","type-page","status-publish","has-post-thumbnail","hentry"],"_links":{"self":[{"href":"https:\/\/tip-70.fi\/tipfi\/wp-json\/wp\/v2\/pages\/499","targetHints":{"allow":["GET"]}}],"collection":[{"href":"https:\/\/tip-70.fi\/tipfi\/wp-json\/wp\/v2\/pages"}],"about":[{"href":"https:\/\/tip-70.fi\/tipfi\/wp-json\/wp\/v2\/types\/page"}],"author":[{"embeddable":true,"href":"https:\/\/tip-70.fi\/tipfi\/wp-json\/wp\/v2\/users\/1"}],"replies":[{"embeddable":true,"href":"https:\/\/tip-70.fi\/tipfi\/wp-json\/wp\/v2\/comments?post=499"}],"version-history":[{"count":10,"href":"https:\/\/tip-70.fi\/tipfi\/wp-json\/wp\/v2\/pages\/499\/revisions"}],"predecessor-version":[{"id":1357,"href":"https:\/\/tip-70.fi\/tipfi\/wp-json\/wp\/v2\/pages\/499\/revisions\/1357"}],"wp:featuredmedia":[{"embeddable":true,"href":"https:\/\/tip-70.fi\/tipfi\/wp-json\/wp\/v2\/media\/1400"}],"wp:attachment":[{"href":"https:\/\/tip-70.fi\/tipfi\/wp-json\/wp\/v2\/media?parent=499"}],"curies":[{"name":"wp","href":"https:\/\/api.w.org\/{rel}","templated":true}]}}