{"id":483,"date":"2020-03-05T15:46:01","date_gmt":"2020-03-05T13:46:01","guid":{"rendered":"http:\/\/tip-70.fi\/tipfi\/?page_id=483"},"modified":"2023-09-27T12:53:48","modified_gmt":"2023-09-27T09:53:48","slug":"seuran-arvot-ja-visio","status":"publish","type":"page","link":"https:\/\/tip-70.fi\/tipfi\/seuran-arvot-ja-visio\/","title":{"rendered":"Arvot ja visio"},"content":{"rendered":"<h2><strong>TIP-70 ry<\/strong><\/h2>\n<h3><b>Visio<\/b><\/h3>\n<ul>\n<li><span>Olemme Suomen suurin p\u00f6yt\u00e4tennisseura ja johtava seura pelaajakehitysty\u00f6ss\u00e4.<\/span><\/li>\n<li><span>Meill\u00e4 on Vantaalla keskeinen teht\u00e4v\u00e4 lasten ja nuorten liikunnallisena kasvattajana sek\u00e4 aikuisten elinik\u00e4isen liikkumisen tukijana.<\/span><\/li>\n<li><span>Urheiluseuramme on tunnettu ja tunnistettu Vantaalla.<\/span><\/li>\n<\/ul>\n<h3><b>Seuran arvot<br \/>\n<\/b><\/h3>\n<p><span>TIP-70 on p\u00f6yt\u00e4tennisseura, jossa toteutuvat <\/span><a href=\"https:\/\/finnhandball.net\/images\/pdf\/Reilun%20Pelin%20periaatteet.pdf\"><span>reilun pelin periaatteet<\/span><\/a><span>, joihin kaikki pelaajat sitoutuvat. TIP-70:ss\u00e4 kaikki pelaajat ovat t\u00e4rkeit\u00e4 ja tervetulleita. Jokaiselle tarjotaan mahdollisuus osallistua omalla tasollaan pelaamiseen. Pelaaminen n\u00e4hd\u00e4\u00e4n v\u00e4yl\u00e4n\u00e4 yleisen hyvinvoinnin lis\u00e4\u00e4miseen ja terveelliseen el\u00e4m\u00e4ntapaan. Eri-ik\u00e4iset pelaajat osallistuvat tasa-arvoisina ja tasav\u00e4kisin\u00e4 kumppaneina seuran toimintaan.\u00a0<\/span><\/p>\n<p><span>TIP-70:n menestys perustuu suunnitelmalliseen, pitk\u00e4j\u00e4nteiseen ja yhteis\u00f6n\u00e4 yksil\u00f6\u00e4 tukevaan pelaajakehitykseen. Menestys saavutetaan suunnitelmallisuudella, yksil\u00f6n vahvuuksien kehitt\u00e4misell\u00e4 sek\u00e4 avoimella ja positiivisella ilmapiirill\u00e4.<\/span><\/p>\n<p>&nbsp;<\/p>\n","protected":false},"excerpt":{"rendered":"<p>TIP-70 ry Visio Olemme Suomen suurin p\u00f6yt\u00e4tennisseura ja johtava seura pelaajakehitysty\u00f6ss\u00e4. Meill\u00e4 on Vantaalla keskeinen teht\u00e4v\u00e4 lasten ja nuorten liikunnallisena kasvattajana sek\u00e4 aikuisten elinik\u00e4isen liikkumisen tukijana. Urheiluseuramme on tunnettu ja tunnistettu Vantaalla. Seuran arvot TIP-70 on p\u00f6yt\u00e4tennisseura, jossa toteutuvat reilun pelin periaatteet, joihin kaikki pelaajat sitoutuvat. TIP-70:ss\u00e4 kaikki pelaajat ovat [&hellip;]<\/p>\n","protected":false},"author":1,"featured_media":495,"parent":0,"menu_order":0,"comment_status":"closed","ping_status":"closed","template":"","meta":{"footnotes":""},"class_list":["post-483","page","type-page","status-publish","has-post-thumbnail","hentry"],"_links":{"self":[{"href":"https:\/\/tip-70.fi\/tipfi\/wp-json\/wp\/v2\/pages\/483","targetHints":{"allow":["GET"]}}],"collection":[{"href":"https:\/\/tip-70.fi\/tipfi\/wp-json\/wp\/v2\/pages"}],"about":[{"href":"https:\/\/tip-70.fi\/tipfi\/wp-json\/wp\/v2\/types\/page"}],"author":[{"embeddable":true,"href":"https:\/\/tip-70.fi\/tipfi\/wp-json\/wp\/v2\/users\/1"}],"replies":[{"embeddable":true,"href":"https:\/\/tip-70.fi\/tipfi\/wp-json\/wp\/v2\/comments?post=483"}],"version-history":[{"count":3,"href":"https:\/\/tip-70.fi\/tipfi\/wp-json\/wp\/v2\/pages\/483\/revisions"}],"predecessor-version":[{"id":494,"href":"https:\/\/tip-70.fi\/tipfi\/wp-json\/wp\/v2\/pages\/483\/revisions\/494"}],"wp:featuredmedia":[{"embeddable":true,"href":"https:\/\/tip-70.fi\/tipfi\/wp-json\/wp\/v2\/media\/495"}],"wp:attachment":[{"href":"https:\/\/tip-70.fi\/tipfi\/wp-json\/wp\/v2\/media?parent=483"}],"curies":[{"name":"wp","href":"https:\/\/api.w.org\/{rel}","templated":true}]}}