{"id":47,"date":"2018-08-30T18:48:50","date_gmt":"2018-08-30T15:48:50","guid":{"rendered":"http:\/\/tip70.fi\/tipfi\/?page_id=47"},"modified":"2025-09-01T21:12:57","modified_gmt":"2025-09-01T18:12:57","slug":"yhteystiedot","status":"publish","type":"page","link":"https:\/\/tip-70.fi\/tipfi\/yhteystiedot\/","title":{"rendered":"Yhteystiedot"},"content":{"rendered":"<h4><b>Johtokunta 2025-26<\/b><span style=\"font-weight: 400;\"><\/span><\/h4>\n<p><b>Puheenjohtaja<br \/>\n<\/b><span style=\"font-family: ABeeZee; font-size: 18px;\"><span style=\"font-weight: 400;\">Veikko Lamminsalo<br \/>\nveikkol (at) gmail.com<br \/>\n<\/span><span style=\"font-weight: 400;\">040 554 1916<\/span><\/span><\/p>\n<p><b>Varapuheenjohtaja<br \/>\n<\/b><span style=\"font-weight: 400;\">Riku Anttila<\/span><span style=\"font-weight: 400;\"><br \/>\n<\/span><span style=\"font-weight: 400;\">riku.anttila (at) gmail.com<\/span><span style=\"font-weight: 400;\"><br \/>\n<\/span><\/p>\n<p><strong>Muut j\u00e4senet<br \/>\n<span style=\"font-weight: 400;\">Max Koso (siht.), Petri Kotam\u00e4ki,<\/span><\/strong><strong><span style=\"font-weight: 400;\"> <\/span><\/strong><strong><span style=\"font-weight: 400;\">Kimmo Lehtosaari, <\/span><\/strong><strong><span style=\"font-weight: 400;\">Julius Muinonen,<\/span><\/strong><strong><span style=\"font-weight: 400;\"> Toni N\u00e4ttil\u00e4<\/span><\/strong><\/p>\n<p><b>Valmennus<br \/>\n<\/b><span style=\"font-weight: 400;\">Samuli Soine<\/span><span style=\"font-weight: 400;\"><br \/>\n<\/span><span style=\"font-weight: 400;\">samuli.soine (at) kolumbus.fi<\/span><span style=\"font-weight: 400;\"><br \/>\n<\/span><span style=\"font-weight: 400;\">0400 736 214<\/span><\/p>\n<p><b>Yleist\u00e4 infoa<br \/>\n<\/b><span style=\"font-weight: 400;\">Seuran toiminnasta voi kysell\u00e4 osoitteesta tip70.pingis (at) gmail.com<\/span><\/p>\n<h2><b>Harjoittelutilat<\/b><\/h2>\n<h4><b>Hakunilan v\u00e4est\u00f6nsuoja, <\/b><span style=\"font-size: 20px;\">Harmotie 1, 01200 VANTAA<\/span><\/h4>\n<p>&nbsp;<\/p>\n","protected":false},"excerpt":{"rendered":"<p>Johtokunta 2025-26 Puheenjohtaja Veikko Lamminsalo veikkol (at) gmail.com 040 554 1916 Varapuheenjohtaja Riku Anttila riku.anttila (at) gmail.com Muut j\u00e4senet Max Koso (siht.), Petri Kotam\u00e4ki, Kimmo Lehtosaari, Julius Muinonen, Toni N\u00e4ttil\u00e4 Valmennus Samuli Soine samuli.soine (at) kolumbus.fi 0400 736 214 Yleist\u00e4 infoa Seuran toiminnasta voi kysell\u00e4 osoitteesta tip70.pingis (at) gmail.com Harjoittelutilat [&hellip;]<\/p>\n","protected":false},"author":1,"featured_media":1137,"parent":0,"menu_order":0,"comment_status":"closed","ping_status":"closed","template":"","meta":{"footnotes":""},"class_list":["post-47","page","type-page","status-publish","has-post-thumbnail","hentry"],"_links":{"self":[{"href":"https:\/\/tip-70.fi\/tipfi\/wp-json\/wp\/v2\/pages\/47","targetHints":{"allow":["GET"]}}],"collection":[{"href":"https:\/\/tip-70.fi\/tipfi\/wp-json\/wp\/v2\/pages"}],"about":[{"href":"https:\/\/tip-70.fi\/tipfi\/wp-json\/wp\/v2\/types\/page"}],"author":[{"embeddable":true,"href":"https:\/\/tip-70.fi\/tipfi\/wp-json\/wp\/v2\/users\/1"}],"replies":[{"embeddable":true,"href":"https:\/\/tip-70.fi\/tipfi\/wp-json\/wp\/v2\/comments?post=47"}],"version-history":[{"count":21,"href":"https:\/\/tip-70.fi\/tipfi\/wp-json\/wp\/v2\/pages\/47\/revisions"}],"predecessor-version":[{"id":1492,"href":"https:\/\/tip-70.fi\/tipfi\/wp-json\/wp\/v2\/pages\/47\/revisions\/1492"}],"wp:featuredmedia":[{"embeddable":true,"href":"https:\/\/tip-70.fi\/tipfi\/wp-json\/wp\/v2\/media\/1137"}],"wp:attachment":[{"href":"https:\/\/tip-70.fi\/tipfi\/wp-json\/wp\/v2\/media?parent=47"}],"curies":[{"name":"wp","href":"https:\/\/api.w.org\/{rel}","templated":true}]}}