{"id":408,"date":"2020-01-09T21:45:50","date_gmt":"2020-01-09T19:45:50","guid":{"rendered":"http:\/\/tip-70.fi\/tipfi\/?page_id=408"},"modified":"2026-01-15T09:39:15","modified_gmt":"2026-01-15T07:39:15","slug":"tietoa-toiminnasta","status":"publish","type":"page","link":"https:\/\/tip-70.fi\/tipfi\/tietoa-toiminnasta\/","title":{"rendered":"Tietoa toiminnasta"},"content":{"rendered":"<h3>Tule mukaan toimintaan!<\/h3>\n<p>Seuramme toiminnasta l\u00f6yd\u00e4t itsellesi sopivan liikuntamuodon<\/p>\n<p><a href=\"http:\/\/tip-70.fi\/tipfi\/nuorille\/\">Nuorille<\/a><\/p>\n<p><a href=\"http:\/\/tip-70.fi\/tipfi\/aikuisille\/\">Aikuisille<\/a><\/p>\n<p><a href=\"http:\/\/tip-70.fi\/tipfi\/valmennustoiminta\/\">Valmennustoiminta<\/a><\/p>\n<p><a href=\"http:\/\/tip-70.fi\/tipfi\/seuran-arvot-ja-visio\/\">Arvot ja visio<\/a><\/p>\n<p><a href=\"http:\/\/tip-70.fi\/tipfi\/valmennuslinjaukset\/\">Valmennuslinjaukset<\/a><\/p>\n<p><a href=\"http:\/\/tip-70.fi\/tipfi\/wp-content\/uploads\/2026\/01\/TIP-70-Saannot.pdf\">S\u00e4\u00e4nn\u00f6t<\/a><\/p>\n<p>&nbsp;<\/p>\n","protected":false},"excerpt":{"rendered":"<p>Tule mukaan toimintaan! Seuramme toiminnasta l\u00f6yd\u00e4t itsellesi sopivan liikuntamuodon Nuorille Aikuisille Valmennustoiminta Arvot ja visio Valmennuslinjaukset S\u00e4\u00e4nn\u00f6t &nbsp;<\/p>\n","protected":false},"author":2,"featured_media":326,"parent":0,"menu_order":0,"comment_status":"closed","ping_status":"closed","template":"","meta":{"footnotes":""},"class_list":["post-408","page","type-page","status-publish","has-post-thumbnail","hentry"],"_links":{"self":[{"href":"https:\/\/tip-70.fi\/tipfi\/wp-json\/wp\/v2\/pages\/408","targetHints":{"allow":["GET"]}}],"collection":[{"href":"https:\/\/tip-70.fi\/tipfi\/wp-json\/wp\/v2\/pages"}],"about":[{"href":"https:\/\/tip-70.fi\/tipfi\/wp-json\/wp\/v2\/types\/page"}],"author":[{"embeddable":true,"href":"https:\/\/tip-70.fi\/tipfi\/wp-json\/wp\/v2\/users\/2"}],"replies":[{"embeddable":true,"href":"https:\/\/tip-70.fi\/tipfi\/wp-json\/wp\/v2\/comments?post=408"}],"version-history":[{"count":16,"href":"https:\/\/tip-70.fi\/tipfi\/wp-json\/wp\/v2\/pages\/408\/revisions"}],"predecessor-version":[{"id":1532,"href":"https:\/\/tip-70.fi\/tipfi\/wp-json\/wp\/v2\/pages\/408\/revisions\/1532"}],"wp:featuredmedia":[{"embeddable":true,"href":"https:\/\/tip-70.fi\/tipfi\/wp-json\/wp\/v2\/media\/326"}],"wp:attachment":[{"href":"https:\/\/tip-70.fi\/tipfi\/wp-json\/wp\/v2\/media?parent=408"}],"curies":[{"name":"wp","href":"https:\/\/api.w.org\/{rel}","templated":true}]}}