{"id":1117,"date":"2023-10-31T07:53:24","date_gmt":"2023-10-31T05:53:24","guid":{"rendered":"https:\/\/tip-70.fi\/tipfi\/?page_id=1117"},"modified":"2025-09-01T21:34:23","modified_gmt":"2025-09-01T18:34:23","slug":"6-divisioona","status":"publish","type":"page","link":"https:\/\/tip-70.fi\/tipfi\/6-divisioona\/","title":{"rendered":"6-divisioona"},"content":{"rendered":"<p>Seurallamme on kaudella 2025\/2026 yksi joukkue 6-divisioonassa. Otteluohjelma ja tulokset l\u00f6ytyv\u00e4t <a href=\"https:\/\/www.sptl.fi\/sptl_uudet\/?page_id=22&amp;lohko=6A1&amp;kausi=2324\">t\u00e4\u00e4lt\u00e4<\/a>.<\/p>\n<table border=\"0px\" border-color=\"#000000\" border-collapse=\"collapse\">\n<tbody>\n<tr>\n<td><span style=\"font-size: 16px;\"><b>TIP-70 14<\/b><\/span><\/td>\n<td><\/td>\n<\/tr>\n<tr>\n<td><\/td>\n<td><\/td>\n<\/tr>\n<tr>\n<td><\/td>\n<td><\/td>\n<\/tr>\n<tr>\n<td><\/td>\n<td><\/td>\n<\/tr>\n<tr>\n<td><\/td>\n<td><\/td>\n<\/tr>\n<tr>\n<td><\/td>\n<td><\/td>\n<\/tr>\n<\/tbody>\n<\/table>\n<p>&nbsp;<\/p>\n","protected":false},"excerpt":{"rendered":"<p>Seurallamme on kaudella 2025\/2026 yksi joukkue 6-divisioonassa. Otteluohjelma ja tulokset l\u00f6ytyv\u00e4t t\u00e4\u00e4lt\u00e4. TIP-70 14 &nbsp;<\/p>\n","protected":false},"author":5,"featured_media":1124,"parent":0,"menu_order":0,"comment_status":"closed","ping_status":"closed","template":"","meta":{"footnotes":""},"class_list":["post-1117","page","type-page","status-publish","has-post-thumbnail","hentry"],"_links":{"self":[{"href":"https:\/\/tip-70.fi\/tipfi\/wp-json\/wp\/v2\/pages\/1117","targetHints":{"allow":["GET"]}}],"collection":[{"href":"https:\/\/tip-70.fi\/tipfi\/wp-json\/wp\/v2\/pages"}],"about":[{"href":"https:\/\/tip-70.fi\/tipfi\/wp-json\/wp\/v2\/types\/page"}],"author":[{"embeddable":true,"href":"https:\/\/tip-70.fi\/tipfi\/wp-json\/wp\/v2\/users\/5"}],"replies":[{"embeddable":true,"href":"https:\/\/tip-70.fi\/tipfi\/wp-json\/wp\/v2\/comments?post=1117"}],"version-history":[{"count":10,"href":"https:\/\/tip-70.fi\/tipfi\/wp-json\/wp\/v2\/pages\/1117\/revisions"}],"predecessor-version":[{"id":1505,"href":"https:\/\/tip-70.fi\/tipfi\/wp-json\/wp\/v2\/pages\/1117\/revisions\/1505"}],"wp:featuredmedia":[{"embeddable":true,"href":"https:\/\/tip-70.fi\/tipfi\/wp-json\/wp\/v2\/media\/1124"}],"wp:attachment":[{"href":"https:\/\/tip-70.fi\/tipfi\/wp-json\/wp\/v2\/media?parent=1117"}],"curies":[{"name":"wp","href":"https:\/\/api.w.org\/{rel}","templated":true}]}}