{"id":1074,"date":"2023-09-26T14:11:58","date_gmt":"2023-09-26T11:11:58","guid":{"rendered":"https:\/\/tip-70.fi\/tipfi\/?page_id=1074"},"modified":"2026-01-02T12:48:57","modified_gmt":"2026-01-02T10:48:57","slug":"4-divisioona","status":"publish","type":"page","link":"https:\/\/tip-70.fi\/tipfi\/4-divisioona\/","title":{"rendered":"4-divisioona"},"content":{"rendered":"<p>Seurallamme on kaudella 2025\/2026 3 eri joukkuetta 4-divisioonassa. Otteluohjelma ja tulokset l\u00f6ytyv\u00e4t <a href=\"https:\/\/www.sptl.fi\/sptl_uudet\/?page_id=283\">t\u00e4\u00e4lt\u00e4<\/a>.<\/p>\n<table border=\"0px\" border-color=\"#000000\" border-collapse=\"collapse\" width=\"1008\" height=\"323\">\n<tbody>\n<tr>\n<td><span style=\"font-size: 14px;\"><b>TIP-70 9<\/b><\/span><\/td>\n<td><span style=\"font-size: 14px;\"><b>TIP-70 10<\/b><\/span><\/td>\n<td><span style=\"font-size: 14px;\"><b>TIP-70 11<\/b><\/span><\/td>\n<\/tr>\n<tr>\n<td><strong>Varpula Risto<\/strong><br \/>\nMyllykangas Timo<br \/>\nSuominen Risto<br \/>\nP\u00f6ri Heikki<\/td>\n<td><strong>Immonen Asko<\/strong><br \/>\nLinnas Aarni<br \/>\nM\u00e4kinen Pertti<br \/>\nP\u00f6ri Arttu<\/td>\n<td><strong>Kauppala Petteri<\/strong><br \/>\nAverjanov Timo<br \/>\nHellberg Pauli<br \/>\nKylli\u00e4inen Juha<\/td>\n<\/tr>\n<tr>\n<td><\/td>\n<td><\/td>\n<td><\/td>\n<\/tr>\n<tr>\n<td><\/td>\n<td><\/td>\n<td><\/td>\n<\/tr>\n<tr>\n<td><\/td>\n<td><\/td>\n<td><\/td>\n<\/tr>\n<tr>\n<td><\/td>\n<td><\/td>\n<td><\/td>\n<\/tr>\n<\/tbody>\n<\/table>\n<p>&nbsp;<\/p>\n","protected":false},"excerpt":{"rendered":"<p>Seurallamme on kaudella 2025\/2026 3 eri joukkuetta 4-divisioonassa. Otteluohjelma ja tulokset l\u00f6ytyv\u00e4t t\u00e4\u00e4lt\u00e4. TIP-70 9 TIP-70 10 TIP-70 11 Varpula Risto Myllykangas Timo Suominen Risto P\u00f6ri Heikki Immonen Asko Linnas Aarni M\u00e4kinen Pertti P\u00f6ri Arttu Kauppala Petteri Averjanov Timo Hellberg Pauli Kylli\u00e4inen Juha &nbsp;<\/p>\n","protected":false},"author":5,"featured_media":1397,"parent":0,"menu_order":0,"comment_status":"closed","ping_status":"closed","template":"","meta":{"footnotes":""},"class_list":["post-1074","page","type-page","status-publish","has-post-thumbnail","hentry"],"_links":{"self":[{"href":"https:\/\/tip-70.fi\/tipfi\/wp-json\/wp\/v2\/pages\/1074","targetHints":{"allow":["GET"]}}],"collection":[{"href":"https:\/\/tip-70.fi\/tipfi\/wp-json\/wp\/v2\/pages"}],"about":[{"href":"https:\/\/tip-70.fi\/tipfi\/wp-json\/wp\/v2\/types\/page"}],"author":[{"embeddable":true,"href":"https:\/\/tip-70.fi\/tipfi\/wp-json\/wp\/v2\/users\/5"}],"replies":[{"embeddable":true,"href":"https:\/\/tip-70.fi\/tipfi\/wp-json\/wp\/v2\/comments?post=1074"}],"version-history":[{"count":13,"href":"https:\/\/tip-70.fi\/tipfi\/wp-json\/wp\/v2\/pages\/1074\/revisions"}],"predecessor-version":[{"id":1527,"href":"https:\/\/tip-70.fi\/tipfi\/wp-json\/wp\/v2\/pages\/1074\/revisions\/1527"}],"wp:featuredmedia":[{"embeddable":true,"href":"https:\/\/tip-70.fi\/tipfi\/wp-json\/wp\/v2\/media\/1397"}],"wp:attachment":[{"href":"https:\/\/tip-70.fi\/tipfi\/wp-json\/wp\/v2\/media?parent=1074"}],"curies":[{"name":"wp","href":"https:\/\/api.w.org\/{rel}","templated":true}]}}