{"id":1067,"date":"2023-09-26T13:53:46","date_gmt":"2023-09-26T10:53:46","guid":{"rendered":"https:\/\/tip-70.fi\/tipfi\/?page_id=1067"},"modified":"2025-09-05T09:34:59","modified_gmt":"2025-09-05T06:34:59","slug":"3-divisioona","status":"publish","type":"page","link":"https:\/\/tip-70.fi\/tipfi\/3-divisioona\/","title":{"rendered":"3-divisioona"},"content":{"rendered":"<p>Seurallamme on kaudella 2025\/2026 4 eri joukkuetta 3-divisioonassa. Otteluohjelma ja tulokset l\u00f6ytyv\u00e4t <a href=\"https:\/\/www.sptl.fi\/sptl_uudet\/?page_id=279\">t\u00e4\u00e4lt\u00e4<\/a>.<\/p>\n<p>&nbsp;<\/p>\n<table border:=\"\" 1px=\"\" solid=\"\" black=\"\" border-collapse:=\"\" collapse=\"\">\n<tbody>\n<tr>\n<td><b>TIP-70 5<\/b><\/td>\n<td><b>TIP-70 6<\/b><\/td>\n<td><b>TIP-70 7<\/b><\/td>\n<td><b>TIP-70 8<\/b><\/td>\n<\/tr>\n<tr>\n<td>Enriquez Jaimielee<br \/>\n<strong>Laht Hegert<\/strong><br \/>\nQuinal Ge Anne<br \/>\nTamondong Leian<br \/>\nVeidenbaum Elina<\/td>\n<td>Hahtomaa Mauri<br \/>\n<strong>Koso Max<\/strong><br \/>\nGauthier Pascal<br \/>\nKomu Kari<br \/>\nVesaluoma Matti<\/td>\n<td><strong>N\u00e4ttil\u00e4 Toni<\/strong><br \/>\nLamminsalo Veikko<br \/>\nSuominen Petteri<br \/>\nKylli\u00f6 Harri<br \/>\nMiller Viktor<\/td>\n<td><strong>Lehtosaari Kimmo<\/strong><br \/>\nLehtosaari Luka<br \/>\nNissinen Jaakko<br \/>\nClaesson Pontus<br \/>\nBazil Steban<\/td>\n<\/tr>\n<\/tbody>\n<\/table>\n<p>&nbsp;<\/p>\n","protected":false},"excerpt":{"rendered":"<p>Seurallamme on kaudella 2025\/2026 4 eri joukkuetta 3-divisioonassa. Otteluohjelma ja tulokset l\u00f6ytyv\u00e4t t\u00e4\u00e4lt\u00e4. &nbsp; TIP-70 5 TIP-70 6 TIP-70 7 TIP-70 8 Enriquez Jaimielee Laht Hegert Quinal Ge Anne Tamondong Leian Veidenbaum Elina Hahtomaa Mauri Koso Max Gauthier Pascal Komu Kari Vesaluoma Matti N\u00e4ttil\u00e4 Toni Lamminsalo Veikko Suominen Petteri Kylli\u00f6 [&hellip;]<\/p>\n","protected":false},"author":5,"featured_media":1399,"parent":0,"menu_order":0,"comment_status":"closed","ping_status":"closed","template":"","meta":{"footnotes":""},"class_list":["post-1067","page","type-page","status-publish","has-post-thumbnail","hentry"],"_links":{"self":[{"href":"https:\/\/tip-70.fi\/tipfi\/wp-json\/wp\/v2\/pages\/1067","targetHints":{"allow":["GET"]}}],"collection":[{"href":"https:\/\/tip-70.fi\/tipfi\/wp-json\/wp\/v2\/pages"}],"about":[{"href":"https:\/\/tip-70.fi\/tipfi\/wp-json\/wp\/v2\/types\/page"}],"author":[{"embeddable":true,"href":"https:\/\/tip-70.fi\/tipfi\/wp-json\/wp\/v2\/users\/5"}],"replies":[{"embeddable":true,"href":"https:\/\/tip-70.fi\/tipfi\/wp-json\/wp\/v2\/comments?post=1067"}],"version-history":[{"count":9,"href":"https:\/\/tip-70.fi\/tipfi\/wp-json\/wp\/v2\/pages\/1067\/revisions"}],"predecessor-version":[{"id":1519,"href":"https:\/\/tip-70.fi\/tipfi\/wp-json\/wp\/v2\/pages\/1067\/revisions\/1519"}],"wp:featuredmedia":[{"embeddable":true,"href":"https:\/\/tip-70.fi\/tipfi\/wp-json\/wp\/v2\/media\/1399"}],"wp:attachment":[{"href":"https:\/\/tip-70.fi\/tipfi\/wp-json\/wp\/v2\/media?parent=1067"}],"curies":[{"name":"wp","href":"https:\/\/api.w.org\/{rel}","templated":true}]}}