{"id":1064,"date":"2023-09-26T13:45:17","date_gmt":"2023-09-26T10:45:17","guid":{"rendered":"https:\/\/tip-70.fi\/tipfi\/?page_id=1064"},"modified":"2025-09-05T09:18:32","modified_gmt":"2025-09-05T06:18:32","slug":"2-divisioona","status":"publish","type":"page","link":"https:\/\/tip-70.fi\/tipfi\/2-divisioona\/","title":{"rendered":"2-divisioona"},"content":{"rendered":"<p>Seurallamme on kaudella 2025\/2026 kolme eri joukkuetta 2-divisioonassa. Otteluohjelma ja tulokset l\u00f6ytyv\u00e4t <a href=\"https:\/\/www.sptl.fi\/sptl_uudet\/?page_id=276\">t\u00e4\u00e4lt\u00e4<\/a>.<\/p>\n<table border:=\"\" 1px=\"\" solid=\"\" black=\"\" border-collapse:=\"\" collapse=\"\">\n<tbody>\n<tr>\n<td><b>TIP-70 3<\/b><\/td>\n<td><b>TIP-70 4<\/b><\/td>\n<td><\/td>\n<\/tr>\n<tr>\n<td>Ossi Vesaluoma<\/td>\n<td>Riku Anttila<\/td>\n<td><\/td>\n<\/tr>\n<tr>\n<td>Sami Taive<\/td>\n<td><strong>Jukka Kansonen<\/strong><\/td>\n<td><\/td>\n<\/tr>\n<tr>\n<td>Mia Kelow<\/td>\n<td>Jukka Ovaska<\/td>\n<td><\/td>\n<\/tr>\n<tr>\n<td>Julius Muinonen<\/td>\n<td>Petri Kotam\u00e4ki<\/td>\n<td><\/td>\n<\/tr>\n<tr>\n<td>Suphanat Chonwachirathanin<\/td>\n<td>Jaakko \u00d6berg<\/td>\n<td><\/td>\n<\/tr>\n<tr>\n<td><\/td>\n<td>Yumo Luo<\/td>\n<td><\/td>\n<\/tr>\n<\/tbody>\n<\/table>\n<p>&nbsp;<\/p>\n","protected":false},"excerpt":{"rendered":"<p>Seurallamme on kaudella 2025\/2026 kolme eri joukkuetta 2-divisioonassa. Otteluohjelma ja tulokset l\u00f6ytyv\u00e4t t\u00e4\u00e4lt\u00e4. TIP-70 3 TIP-70 4 Ossi Vesaluoma Riku Anttila Sami Taive Jukka Kansonen Mia Kelow Jukka Ovaska Julius Muinonen Petri Kotam\u00e4ki Suphanat Chonwachirathanin Jaakko \u00d6berg Yumo Luo &nbsp;<\/p>\n","protected":false},"author":5,"featured_media":0,"parent":0,"menu_order":0,"comment_status":"closed","ping_status":"closed","template":"","meta":{"footnotes":""},"class_list":["post-1064","page","type-page","status-publish","hentry"],"_links":{"self":[{"href":"https:\/\/tip-70.fi\/tipfi\/wp-json\/wp\/v2\/pages\/1064","targetHints":{"allow":["GET"]}}],"collection":[{"href":"https:\/\/tip-70.fi\/tipfi\/wp-json\/wp\/v2\/pages"}],"about":[{"href":"https:\/\/tip-70.fi\/tipfi\/wp-json\/wp\/v2\/types\/page"}],"author":[{"embeddable":true,"href":"https:\/\/tip-70.fi\/tipfi\/wp-json\/wp\/v2\/users\/5"}],"replies":[{"embeddable":true,"href":"https:\/\/tip-70.fi\/tipfi\/wp-json\/wp\/v2\/comments?post=1064"}],"version-history":[{"count":7,"href":"https:\/\/tip-70.fi\/tipfi\/wp-json\/wp\/v2\/pages\/1064\/revisions"}],"predecessor-version":[{"id":1514,"href":"https:\/\/tip-70.fi\/tipfi\/wp-json\/wp\/v2\/pages\/1064\/revisions\/1514"}],"wp:attachment":[{"href":"https:\/\/tip-70.fi\/tipfi\/wp-json\/wp\/v2\/media?parent=1064"}],"curies":[{"name":"wp","href":"https:\/\/api.w.org\/{rel}","templated":true}]}}