{"id":1049,"date":"2023-09-26T12:51:04","date_gmt":"2023-09-26T09:51:04","guid":{"rendered":"https:\/\/tip-70.fi\/tipfi\/?page_id=1049"},"modified":"2023-11-09T14:48:35","modified_gmt":"2023-11-09T12:48:35","slug":"kilpailutoiminta","status":"publish","type":"page","link":"https:\/\/tip-70.fi\/tipfi\/kilpailutoiminta\/","title":{"rendered":"Kilpailutoiminta"},"content":{"rendered":"<p>TIP-70 on edustettuna jokaisella sarjatasolla ja seuran pelaajat k\u00e4yv\u00e4t usein my\u00f6s sek\u00e4 kansallisissa ett\u00e4 kansainv\u00e4lisiss\u00e4 kilpailuissa.<\/p>\n<p><a href=\"http:\/\/tip-70.fi\/tipfi\/wp-content\/uploads\/2023\/09\/342556368_907568183851574_7537610680210725594_n-e1695731331497.jpg\"><img loading=\"lazy\" decoding=\"async\" src=\"http:\/\/tip-70.fi\/tipfi\/wp-content\/uploads\/2023\/09\/342556368_907568183851574_7537610680210725594_n-169x300.jpg\" alt=\"\" width=\"127\" height=\"225\" class=\"alignnone wp-image-1090\" \/><\/a> <a href=\"http:\/\/tip-70.fi\/tipfi\/wp-content\/uploads\/2021\/09\/OPT_17v.png\"><img loading=\"lazy\" decoding=\"async\" src=\"http:\/\/tip-70.fi\/tipfi\/wp-content\/uploads\/2021\/09\/OPT_17v-300x225.png\" alt=\"\" width=\"300\" height=\"225\" class=\"alignnone wp-image-706 size-medium\" srcset=\"https:\/\/tip-70.fi\/tipfi\/wp-content\/uploads\/2021\/09\/OPT_17v-300x225.png 300w, https:\/\/tip-70.fi\/tipfi\/wp-content\/uploads\/2021\/09\/OPT_17v-1024x768.png 1024w, https:\/\/tip-70.fi\/tipfi\/wp-content\/uploads\/2021\/09\/OPT_17v-768x576.png 768w, https:\/\/tip-70.fi\/tipfi\/wp-content\/uploads\/2021\/09\/OPT_17v-1536x1152.png 1536w, https:\/\/tip-70.fi\/tipfi\/wp-content\/uploads\/2021\/09\/OPT_17v.png 1920w\" sizes=\"auto, (max-width: 300px) 100vw, 300px\" \/><\/a> <a href=\"http:\/\/tip-70.fi\/tipfi\/wp-content\/uploads\/2023\/05\/fjo-2023-g14-e1695731460455.jpg\"><img loading=\"lazy\" decoding=\"async\" src=\"http:\/\/tip-70.fi\/tipfi\/wp-content\/uploads\/2023\/05\/fjo-2023-g14-300x169.jpg\" alt=\"\" width=\"398\" height=\"224\" class=\"alignnone wp-image-996\" \/><\/a> <a href=\"http:\/\/tip-70.fi\/tipfi\/wp-content\/uploads\/2023\/09\/IMG-20230924-WA0014-e1695730966211.jpg\"><img loading=\"lazy\" decoding=\"async\" src=\"http:\/\/tip-70.fi\/tipfi\/wp-content\/uploads\/2023\/09\/IMG-20230924-WA0014-e1695730966211-226x300.jpg\" alt=\"\" width=\"169\" height=\"225\" class=\"alignnone wp-image-1089\" srcset=\"https:\/\/tip-70.fi\/tipfi\/wp-content\/uploads\/2023\/09\/IMG-20230924-WA0014-e1695730966211-226x300.jpg 226w, https:\/\/tip-70.fi\/tipfi\/wp-content\/uploads\/2023\/09\/IMG-20230924-WA0014-e1695730966211-771x1024.jpg 771w, https:\/\/tip-70.fi\/tipfi\/wp-content\/uploads\/2023\/09\/IMG-20230924-WA0014-e1695730966211-768x1020.jpg 768w, https:\/\/tip-70.fi\/tipfi\/wp-content\/uploads\/2023\/09\/IMG-20230924-WA0014-e1695730966211.jpg 1126w\" sizes=\"auto, (max-width: 169px) 100vw, 169px\" \/><\/a><\/p>\n<p><strong>Joukkueet eri sarjatasolla:<\/strong><br \/>\n<a href=\"https:\/\/tip-70.fi\/tipfi\/tip-70-sm-sarjassa\/\">Mestaruussarjan joukkue<\/a><br \/>\n<a href=\"https:\/\/tip-70.fi\/tipfi\/1-divisioona\/\">1-divisioonan joukkue<\/a><br \/>\n<a href=\"https:\/\/tip-70.fi\/tipfi\/2-divisioona\/\">2-divisioonan joukkueet<\/a><br \/>\n<a href=\"https:\/\/tip-70.fi\/tipfi\/3-divisioona\/\">3-divisioonan joukkueet<\/a><br \/>\n<a href=\"https:\/\/tip-70.fi\/tipfi\/4-divisioona\/\">4-divisioonan joukkueet<\/a><br \/>\n<a href=\"https:\/\/tip-70.fi\/tipfi\/5-divisioona\/\">5-divisioonan joukkueet<\/a><br \/>\n<a href=\"https:\/\/tip-70.fi\/tipfi\/6-divisioona\/\">6-divisioonan joukkue<\/a><\/p>\n","protected":false},"excerpt":{"rendered":"<p>TIP-70 on edustettuna jokaisella sarjatasolla ja seuran pelaajat k\u00e4yv\u00e4t usein my\u00f6s sek\u00e4 kansallisissa ett\u00e4 kansainv\u00e4lisiss\u00e4 kilpailuissa. Joukkueet eri sarjatasolla: Mestaruussarjan joukkue 1-divisioonan joukkue 2-divisioonan joukkueet 3-divisioonan joukkueet 4-divisioonan joukkueet 5-divisioonan joukkueet 6-divisioonan joukkue<\/p>\n","protected":false},"author":5,"featured_media":660,"parent":0,"menu_order":0,"comment_status":"closed","ping_status":"closed","template":"","meta":{"footnotes":""},"class_list":["post-1049","page","type-page","status-publish","has-post-thumbnail","hentry"],"_links":{"self":[{"href":"https:\/\/tip-70.fi\/tipfi\/wp-json\/wp\/v2\/pages\/1049","targetHints":{"allow":["GET"]}}],"collection":[{"href":"https:\/\/tip-70.fi\/tipfi\/wp-json\/wp\/v2\/pages"}],"about":[{"href":"https:\/\/tip-70.fi\/tipfi\/wp-json\/wp\/v2\/types\/page"}],"author":[{"embeddable":true,"href":"https:\/\/tip-70.fi\/tipfi\/wp-json\/wp\/v2\/users\/5"}],"replies":[{"embeddable":true,"href":"https:\/\/tip-70.fi\/tipfi\/wp-json\/wp\/v2\/comments?post=1049"}],"version-history":[{"count":6,"href":"https:\/\/tip-70.fi\/tipfi\/wp-json\/wp\/v2\/pages\/1049\/revisions"}],"predecessor-version":[{"id":1139,"href":"https:\/\/tip-70.fi\/tipfi\/wp-json\/wp\/v2\/pages\/1049\/revisions\/1139"}],"wp:featuredmedia":[{"embeddable":true,"href":"https:\/\/tip-70.fi\/tipfi\/wp-json\/wp\/v2\/media\/660"}],"wp:attachment":[{"href":"https:\/\/tip-70.fi\/tipfi\/wp-json\/wp\/v2\/media?parent=1049"}],"curies":[{"name":"wp","href":"https:\/\/api.w.org\/{rel}","templated":true}]}}