{"id":45,"date":"2018-08-30T18:46:44","date_gmt":"2018-08-30T15:46:44","guid":{"rendered":"http:\/\/tip70.fi\/tipfi\/?page_id=45"},"modified":"2020-03-05T16:13:14","modified_gmt":"2020-03-05T14:13:14","slug":"valmennustoiminta","status":"publish","type":"page","link":"http:\/\/tip-70.fi\/tipfi\/valmennustoiminta\/","title":{"rendered":"Valmennustoiminta"},"content":{"rendered":"<h3>Valmennustoiminta<\/h3>\n<p>Seuramme j\u00e4rjest\u00e4\u00e4 laadukasta valmennustoimintaa eri ik\u00e4- ja tasoryhmille.<\/p>\n<p><a href=\"http:\/\/tip-70.fi\/tipfi\/nuorille\/\">Nuorten ryhm\u00e4t<\/a><\/p>\n<p><a href=\"http:\/\/tip-70.fi\/tipfi\/aikuisille\/\">Aikuisten ryhm\u00e4t<\/a><\/p>\n<p><a href=\"http:\/\/tip-70.fi\/tipfi\/ykkosryhma\/\">Ykk\u00f6sryhm\u00e4<\/a><\/p>\n<h4><strong>Lis\u00e4tietoa ja ilmoittautuminen<\/strong><\/h4>\n<p>Samuli Soine<br \/>\nsamuli.soine (at) kolumbus.fi<br \/>\n0400 736 214<\/p>\n<p><strong>Tervetuloa mukaan!<\/strong><\/p>\n","protected":false},"excerpt":{"rendered":"<p>Valmennustoiminta Seuramme j\u00e4rjest\u00e4\u00e4 laadukasta valmennustoimintaa eri ik\u00e4- ja tasoryhmille. Nuorten ryhm\u00e4t Aikuisten ryhm\u00e4t Ykk\u00f6sryhm\u00e4 Lis\u00e4tietoa ja ilmoittautuminen Samuli Soine samuli.soine (at) kolumbus.fi 0400 736 214 Tervetuloa mukaan!<\/p>\n","protected":false},"author":1,"featured_media":38,"parent":0,"menu_order":0,"comment_status":"closed","ping_status":"closed","template":"","meta":{"footnotes":""},"class_list":["post-45","page","type-page","status-publish","has-post-thumbnail","hentry"],"_links":{"self":[{"href":"http:\/\/tip-70.fi\/tipfi\/wp-json\/wp\/v2\/pages\/45","targetHints":{"allow":["GET"]}}],"collection":[{"href":"http:\/\/tip-70.fi\/tipfi\/wp-json\/wp\/v2\/pages"}],"about":[{"href":"http:\/\/tip-70.fi\/tipfi\/wp-json\/wp\/v2\/types\/page"}],"author":[{"embeddable":true,"href":"http:\/\/tip-70.fi\/tipfi\/wp-json\/wp\/v2\/users\/1"}],"replies":[{"embeddable":true,"href":"http:\/\/tip-70.fi\/tipfi\/wp-json\/wp\/v2\/comments?post=45"}],"version-history":[{"count":11,"href":"http:\/\/tip-70.fi\/tipfi\/wp-json\/wp\/v2\/pages\/45\/revisions"}],"predecessor-version":[{"id":509,"href":"http:\/\/tip-70.fi\/tipfi\/wp-json\/wp\/v2\/pages\/45\/revisions\/509"}],"wp:featuredmedia":[{"embeddable":true,"href":"http:\/\/tip-70.fi\/tipfi\/wp-json\/wp\/v2\/media\/38"}],"wp:attachment":[{"href":"http:\/\/tip-70.fi\/tipfi\/wp-json\/wp\/v2\/media?parent=45"}],"curies":[{"name":"wp","href":"https:\/\/api.w.org\/{rel}","templated":true}]}}